{"id":107,"date":"2019-10-25T13:18:42","date_gmt":"2019-10-25T11:18:42","guid":{"rendered":"http:\/\/www.jaceksowa.pure.pl\/?page_id=105"},"modified":"2019-10-25T13:18:42","modified_gmt":"2019-10-25T11:18:42","slug":"ekg","status":"publish","type":"page","link":"https:\/\/jaceksowa.pl\/index.php\/ekg\/","title":{"rendered":"EKG"},"content":{"rendered":"\n<p>EKG Elektrokardiografia (EKG) jest nieinwazyjnym i&nbsp;bezbolesnym badaniem, kt\u00f3re wykonywane jest w&nbsp;celu oceny pracy serca i&nbsp;wykrycia ewentualnych jej zaburze\u0144. Wykonuje si\u0119 go przypadku wyst\u0105pienia objaw\u00f3w, takich jak : b\u00f3l w klatce piersiowej, ko\u0142atanie serca, omdlenie, nadci\u015bnienie t\u0119tnicze.<\/p>\n","protected":false},"excerpt":{"rendered":"<p>EKG Elektrokardiografia (EKG) jest nieinwazyjnym i&nbsp;bezbolesnym badaniem, kt\u00f3re wykonywane jest w&nbsp;celu oceny pracy serca i&nbsp;wykrycia ewentualnych jej zaburze\u0144. Wykonuje si\u0119 go przypadku wyst\u0105pienia objaw\u00f3w, takich jak : b\u00f3l w klatce piersiowej, ko\u0142atanie serca, omdlenie, nadci\u015bnienie t\u0119tnicze.<\/p>\n","protected":false},"author":1,"featured_media":0,"parent":0,"menu_order":0,"comment_status":"closed","ping_status":"closed","template":"","meta":{"_coblocks_attr":"","_coblocks_dimensions":"","_coblocks_responsive_height":"","_coblocks_accordion_ie_support":""},"_links":{"self":[{"href":"https:\/\/jaceksowa.pl\/index.php\/wp-json\/wp\/v2\/pages\/107"}],"collection":[{"href":"https:\/\/jaceksowa.pl\/index.php\/wp-json\/wp\/v2\/pages"}],"about":[{"href":"https:\/\/jaceksowa.pl\/index.php\/wp-json\/wp\/v2\/types\/page"}],"author":[{"embeddable":true,"href":"https:\/\/jaceksowa.pl\/index.php\/wp-json\/wp\/v2\/users\/1"}],"replies":[{"embeddable":true,"href":"https:\/\/jaceksowa.pl\/index.php\/wp-json\/wp\/v2\/comments?post=107"}],"version-history":[{"count":0,"href":"https:\/\/jaceksowa.pl\/index.php\/wp-json\/wp\/v2\/pages\/107\/revisions"}],"wp:attachment":[{"href":"https:\/\/jaceksowa.pl\/index.php\/wp-json\/wp\/v2\/media?parent=107"}],"curies":[{"name":"wp","href":"https:\/\/api.w.org\/{rel}","templated":true}]}}