{"id":14,"date":"2019-09-11T13:01:52","date_gmt":"2019-09-11T11:01:52","guid":{"rendered":"http:\/\/www.jaceksowa.pure.pl\/?page_id=14"},"modified":"2019-09-11T13:01:52","modified_gmt":"2019-09-11T11:01:52","slug":"holter-ekg","status":"publish","type":"page","link":"https:\/\/jaceksowa.pl\/index.php\/holter-ekg\/","title":{"rendered":"Holter EKG"},"content":{"rendered":"\n<p><strong>24 godzinne badanie EKG<\/strong> jest modyfikacj\u0105 badania elektrokardiograficznego. Umo\u017cliwia ci\u0105g\u0142y zapis EKG przez 24 godziny lub d\u0142u\u017cej podczas ca\u0142odobowej aktywno\u015bci. Pozwala na powi\u0105zanie objaw\u00f3w zg\u0142aszanych przez pacjenta np. ko\u0142atanie serca, zawroty g\u0142owy, epizody zas\u0142abni\u0119cia czy b\u00f3lu w klatce piersiowej z zarejestrowanym zapisem EKG .&nbsp;<\/p>\n\n\n\n<p>Najwa\u017cniejsze wskazania do tego badania:<\/p>\n\n\n\n<ul><li>rozpoznanie zaburze\u0144 rytmu i niedokrwienia mi\u0119\u015bnia sercowego<\/li><li>ocena skuteczno\u015bci leczenia&nbsp;<\/li><\/ul>\n\n\n\n<p>Gabinet jest wyposa\u017cony w system do analizy holterowskiej CardioScan firmy OXFORD&nbsp; oraz niewielkich rozmiar\u00f3w rejestratory DMS 300-3A&nbsp;<\/p>\n\n\n\n<h3 class=\"wp-block-heading\"><strong>Przygotowanie i przebieg badania&nbsp;<\/strong><\/h3>\n\n\n\n<p>Uzyskanie technicznie dobrego zapisu, kt\u00f3ry pozwala na postawienie w\u0142a\u015bciwego rozpoznania wymaga odpowiedniego przygotowanie pacjenta. Ze wzgl\u0119du na okre\u015blon\u0105 lokalizacj\u0119 elektrod sk\u00f3ra na klatce piersiowej u m\u0119\u017cczyzn musi by\u0107 wygolona, kobiety powinny zg\u0142asza\u0107 si\u0119 na badanie bez bi\u017cuterii na szyi, oraz w ubiorze pozwalaj\u0105cym powr\u00f3t do domu bez biustonosza.&nbsp;<\/p>\n\n\n\n<p>Na klatce piersiowej przyklejane jest 7 elektrod, kt\u00f3re za pomoc\u0105 kabla po\u0142\u0105czone s\u0105 z rejestratorem. Rejestrator noszony jest na pasku przez ca\u0142\u0105 dob\u0119. Przed rejestracj\u0105, sk\u00f3ra zostanie przygotowana za pomoc\u0105 pasty zmniejszaj\u0105cej impedancj\u0119 nask\u00f3rka, co gwarantuje dobre przyleganie elektrod i prawid\u0142ow\u0105 rejestracj\u0119. Badany otrzymuje \u201edziennik pacjenta\u201d kt\u00f3ry s\u0142u\u017cy do odnotowywania wszelkich objaw\u00f3w chorobowych oraz aktywno\u015bci podczas dnia.<\/p>\n\n\n\n<h3 class=\"wp-block-heading\"><strong>Jak wype\u0142ni\u0107 dziennik pacjenta?<\/strong><\/h3>\n\n\n\n<table class=\"wp-block-table\"><tbody><tr><td>Czas<\/td><td>Rodzaj zaj\u0119cia<\/td><td>Objawy chorobowe<\/td><\/tr><tr><td>10<sup>00<\/sup> &#8211; 11<sup>15<\/sup><\/td><td>spacer<\/td><td>b\u00f3l za mostkiem<\/td><\/tr><tr><td>11<sup>15<\/sup> &#8211; 11<sup>35<\/sup><\/td><td>odpoczynek<\/td><td><br><\/td><\/tr><tr><td>11<sup>35<\/sup> &#8211; 12<sup>55<\/sup><\/td><td>sen<\/td><td><br><\/td><\/tr><tr><td>12<sup>55<\/sup> &#8211; 14<sup>15<\/sup><\/td><td>praca w ogrodzie<\/td><td>ko\u0142atanie serca<\/td><\/tr><\/tbody><\/table>\n","protected":false},"excerpt":{"rendered":"<p>24 godzinne badanie EKG jest modyfikacj\u0105 badania elektrokardiograficznego. Umo\u017cliwia ci\u0105g\u0142y zapis EKG przez 24 godziny lub d\u0142u\u017cej podczas ca\u0142odobowej aktywno\u015bci. Pozwala na powi\u0105zanie objaw\u00f3w zg\u0142aszanych przez pacjenta np. ko\u0142atanie serca, zawroty g\u0142owy, epizody zas\u0142abni\u0119cia czy b\u00f3lu w klatce piersiowej z zarejestrowanym zapisem EKG .&nbsp; Najwa\u017cniejsze wskazania do tego badania: rozpoznanie zaburze\u0144 rytmu i niedokrwienia mi\u0119\u015bnia&#8230;<\/p>\n","protected":false},"author":1,"featured_media":0,"parent":0,"menu_order":0,"comment_status":"closed","ping_status":"closed","template":"","meta":{"_coblocks_attr":"","_coblocks_dimensions":"","_coblocks_responsive_height":"","_coblocks_accordion_ie_support":""},"_links":{"self":[{"href":"https:\/\/jaceksowa.pl\/index.php\/wp-json\/wp\/v2\/pages\/14"}],"collection":[{"href":"https:\/\/jaceksowa.pl\/index.php\/wp-json\/wp\/v2\/pages"}],"about":[{"href":"https:\/\/jaceksowa.pl\/index.php\/wp-json\/wp\/v2\/types\/page"}],"author":[{"embeddable":true,"href":"https:\/\/jaceksowa.pl\/index.php\/wp-json\/wp\/v2\/users\/1"}],"replies":[{"embeddable":true,"href":"https:\/\/jaceksowa.pl\/index.php\/wp-json\/wp\/v2\/comments?post=14"}],"version-history":[{"count":0,"href":"https:\/\/jaceksowa.pl\/index.php\/wp-json\/wp\/v2\/pages\/14\/revisions"}],"wp:attachment":[{"href":"https:\/\/jaceksowa.pl\/index.php\/wp-json\/wp\/v2\/media?parent=14"}],"curies":[{"name":"wp","href":"https:\/\/api.w.org\/{rel}","templated":true}]}}