{"id":18,"date":"2019-09-11T13:01:52","date_gmt":"2019-09-11T11:01:52","guid":{"rendered":"http:\/\/www.jaceksowa.pure.pl\/?page_id=18"},"modified":"2024-12-12T05:47:20","modified_gmt":"2024-12-12T05:47:20","slug":"ukg-echokardiografia","status":"publish","type":"page","link":"https:\/\/jaceksowa.pl\/index.php\/ukg-echokardiografia\/","title":{"rendered":"UKG ( echokardiografia)"},"content":{"rendered":"\n<p><strong>Badanie echokardiograficzne<\/strong> \u2013 jest nieinwazyjnym badaniem obrazowym umo\u017cliwiaj\u0105cym ocen\u0119 struktur i funkcji serca oraz du\u017cych naczy\u0144 za pomoc\u0105 ultrasonografii.&nbsp;<\/p>\n\n\n\n<p>Gabinet jest wyposa\u017cony jest w aparat GE Vivid T8\u00a0 i g\u0142owic\u0119 3Sc-Rs<br><\/p>\n","protected":false},"excerpt":{"rendered":"<p>Badanie echokardiograficzne \u2013 jest nieinwazyjnym badaniem obrazowym umo\u017cliwiaj\u0105cym ocen\u0119 struktur i funkcji serca oraz du\u017cych naczy\u0144 za pomoc\u0105 ultrasonografii.&nbsp; Gabinet jest wyposa\u017cony jest w aparat GE Vivid T8\u00a0 i g\u0142owic\u0119 3Sc-Rs<\/p>\n","protected":false},"author":1,"featured_media":0,"parent":0,"menu_order":0,"comment_status":"closed","ping_status":"closed","template":"","meta":{"_coblocks_attr":"","_coblocks_dimensions":"","_coblocks_responsive_height":"","_coblocks_accordion_ie_support":""},"_links":{"self":[{"href":"https:\/\/jaceksowa.pl\/index.php\/wp-json\/wp\/v2\/pages\/18"}],"collection":[{"href":"https:\/\/jaceksowa.pl\/index.php\/wp-json\/wp\/v2\/pages"}],"about":[{"href":"https:\/\/jaceksowa.pl\/index.php\/wp-json\/wp\/v2\/types\/page"}],"author":[{"embeddable":true,"href":"https:\/\/jaceksowa.pl\/index.php\/wp-json\/wp\/v2\/users\/1"}],"replies":[{"embeddable":true,"href":"https:\/\/jaceksowa.pl\/index.php\/wp-json\/wp\/v2\/comments?post=18"}],"version-history":[{"count":1,"href":"https:\/\/jaceksowa.pl\/index.php\/wp-json\/wp\/v2\/pages\/18\/revisions"}],"predecessor-version":[{"id":158,"href":"https:\/\/jaceksowa.pl\/index.php\/wp-json\/wp\/v2\/pages\/18\/revisions\/158"}],"wp:attachment":[{"href":"https:\/\/jaceksowa.pl\/index.php\/wp-json\/wp\/v2\/media?parent=18"}],"curies":[{"name":"wp","href":"https:\/\/api.w.org\/{rel}","templated":true}]}}